{"id":2587,"date":"2025-09-14T23:53:35","date_gmt":"2025-09-14T20:53:35","guid":{"rendered":"https:\/\/pexor.media\/?page_id=2587"},"modified":"2026-03-21T15:47:01","modified_gmt":"2026-03-21T13:47:01","slug":"yhteystiedot","status":"publish","type":"page","link":"https:\/\/pexor.media\/fi\/yhteystiedot\/","title":{"rendered":"Yhteystiedot"},"content":{"rendered":"\n<div class=\"wp-block-cover alignfull\" style=\"min-height:800px;aspect-ratio:unset;\"><img loading=\"lazy\" decoding=\"async\" width=\"683\" height=\"1024\" class=\"wp-block-cover__image-background wp-image-2121 size-large\" alt=\"Contact Info\" src=\"https:\/\/pexor.media\/wp-content\/uploads\/digital-media-683x1024.jpg\" data-object-fit=\"cover\" title=\"\" srcset=\"https:\/\/pexor.media\/wp-content\/uploads\/digital-media-683x1024.jpg 683w, https:\/\/pexor.media\/wp-content\/uploads\/digital-media-200x300.jpg 200w, https:\/\/pexor.media\/wp-content\/uploads\/digital-media-768x1152.jpg 768w, https:\/\/pexor.media\/wp-content\/uploads\/digital-media-1024x1536.jpg 1024w, https:\/\/pexor.media\/wp-content\/uploads\/digital-media-1365x2048.jpg 1365w, https:\/\/pexor.media\/wp-content\/uploads\/digital-media-500x750.jpg 500w, https:\/\/pexor.media\/wp-content\/uploads\/digital-media-800x1200.jpg 800w, https:\/\/pexor.media\/wp-content\/uploads\/digital-media-1280x1920.jpg 1280w, https:\/\/pexor.media\/wp-content\/uploads\/digital-media-1920x2880.jpg 1920w, https:\/\/pexor.media\/wp-content\/uploads\/digital-media-scaled.jpg 1706w\" sizes=\"auto, (max-width: 683px) 100vw, 683px\" \/><span aria-hidden=\"true\" class=\"wp-block-cover__background has-background-dim-80 has-background-dim\"><\/span><div class=\"wp-block-cover__inner-container is-layout-constrained wp-block-cover-is-layout-constrained\">\n<h1 class=\"wp-block-heading has-text-align-center has-ast-global-color-5-color has-text-color has-link-color wp-elements-0158a11ab58c4e3d1b2d64c5a2a8e25d\" style=\"font-size:4rem\">Yhteystiedot<\/h1>\n<\/div><\/div>\n\n<div class=\"wp-block-uagb-container uagb-block-3f70b1d6 alignfull uagb-is-root-container\"><div class=\"uagb-container-inner-blocks-wrap\">\n<div class=\"wp-block-uagb-container uagb-block-57b81143\">\n<h2 class=\"wp-block-heading\">Ota yhteytt\u00e4 Pexor Mediaan<\/h2>\n\n\n\n<p>Oletko valmis kohottamaan br\u00e4ndi\u00e4si <a href=\"https:\/\/pexor.media\/fi\/kaupallinen-valokuvaus\/\" data-type=\"page\" data-id=\"334\">ammattimaisella valokuvauksella<\/a>, <a href=\"https:\/\/pexor.media\/fi\/videotuotanto\/\" data-type=\"page\" data-id=\"338\">videolla<\/a>, <a href=\"https:\/\/pexor.media\/fi\/graafinen-suunnittelu\/\" data-type=\"page\" data-id=\"340\">graafisella suunnittelulla<\/a> tai <a href=\"https:\/\/pexor.media\/fi\/verkkosivujen-suunnittelu-ja-kehitys\/\" data-type=\"page\" data-id=\"330\">web-ratkaisuilla<\/a>? Ota yhteytt\u00e4 Paraisilla toimivaan Pexor Mediaan, joka tarjoaa r\u00e4\u00e4t\u00e4l\u00f6ityj\u00e4 ja laadukkaita palveluja, jotka tekev\u00e4t yrityksest\u00e4si erottuvan. <\/p>\n\n\n\n<h3 class=\"wp-block-heading\"><strong>Ota yhteytt\u00e4<\/strong> <\/h3>\n\n\n\n<p><a href=\"https:\/\/fi.linkedin.com\/in\/frank-laur%C3%A9n-1259b826\" target=\"_blank\" rel=\"noopener\">Frank Laur\u00e9n<\/a> on t\u00e4\u00e4ll\u00e4 toteuttamassa visiotasi. Laita suoraan s\u00e4hk\u00f6postia tai soita minulle keskustellaksesi projektistasi, pyyt\u00e4\u00e4ksesi tarjousta tai varataksesi istunnon. <\/p>\n\n\n\n<ul class=\"wp-block-social-links alignleft has-large-icon-size has-visible-labels is-horizontal is-layout-flex wp-block-social-links-is-layout-flex\"><li class=\"wp-social-link wp-social-link-whatsapp  wp-block-social-link\"><a rel=\"noopener nofollow\" target=\"_blank\" href=\"https:\/\/bit.ly\/whatsapp-pexor-media\" class=\"wp-block-social-link-anchor\"><svg width=\"24\" height=\"24\" viewBox=\"0 0 24 24\" version=\"1.1\" xmlns=\"http:\/\/www.w3.org\/2000\/svg\" aria-hidden=\"true\" focusable=\"false\"><path d=\"M 12.011719 2 C 6.5057187 2 2.0234844 6.478375 2.0214844 11.984375 C 2.0204844 13.744375 2.4814687 15.462563 3.3554688 16.976562 L 2 22 L 7.2324219 20.763672 C 8.6914219 21.559672 10.333859 21.977516 12.005859 21.978516 L 12.009766 21.978516 C 17.514766 21.978516 21.995047 17.499141 21.998047 11.994141 C 22.000047 9.3251406 20.962172 6.8157344 19.076172 4.9277344 C 17.190172 3.0407344 14.683719 2.001 12.011719 2 z M 12.009766 4 C 14.145766 4.001 16.153109 4.8337969 17.662109 6.3417969 C 19.171109 7.8517969 20.000047 9.8581875 19.998047 11.992188 C 19.996047 16.396187 16.413812 19.978516 12.007812 19.978516 C 10.674812 19.977516 9.3544062 19.642812 8.1914062 19.007812 L 7.5175781 18.640625 L 6.7734375 18.816406 L 4.8046875 19.28125 L 5.2851562 17.496094 L 5.5019531 16.695312 L 5.0878906 15.976562 C 4.3898906 14.768562 4.0204844 13.387375 4.0214844 11.984375 C 4.0234844 7.582375 7.6067656 4 12.009766 4 z M 8.4765625 7.375 C 8.3095625 7.375 8.0395469 7.4375 7.8105469 7.6875 C 7.5815469 7.9365 6.9355469 8.5395781 6.9355469 9.7675781 C 6.9355469 10.995578 7.8300781 12.182609 7.9550781 12.349609 C 8.0790781 12.515609 9.68175 15.115234 12.21875 16.115234 C 14.32675 16.946234 14.754891 16.782234 15.212891 16.740234 C 15.670891 16.699234 16.690438 16.137687 16.898438 15.554688 C 17.106437 14.971687 17.106922 14.470187 17.044922 14.367188 C 16.982922 14.263188 16.816406 14.201172 16.566406 14.076172 C 16.317406 13.951172 15.090328 13.348625 14.861328 13.265625 C 14.632328 13.182625 14.464828 13.140625 14.298828 13.390625 C 14.132828 13.640625 13.655766 14.201187 13.509766 14.367188 C 13.363766 14.534188 13.21875 14.556641 12.96875 14.431641 C 12.71875 14.305641 11.914938 14.041406 10.960938 13.191406 C 10.218937 12.530406 9.7182656 11.714844 9.5722656 11.464844 C 9.4272656 11.215844 9.5585938 11.079078 9.6835938 10.955078 C 9.7955938 10.843078 9.9316406 10.663578 10.056641 10.517578 C 10.180641 10.371578 10.223641 10.267562 10.306641 10.101562 C 10.389641 9.9355625 10.347156 9.7890625 10.285156 9.6640625 C 10.223156 9.5390625 9.737625 8.3065 9.515625 7.8125 C 9.328625 7.3975 9.131125 7.3878594 8.953125 7.3808594 C 8.808125 7.3748594 8.6425625 7.375 8.4765625 7.375 z\"><\/path><\/svg><span class=\"wp-block-social-link-label\">WhatsApp<\/span><\/a><\/li><\/ul>\n<\/div>\n\n\n\n<div class=\"wp-block-uagb-container uagb-block-f44050ce\">\n<h5 class=\"wp-block-heading\">Yhteystiedot<\/h5>\n\n\n\n<p><strong>pexor.media<\/strong> <br\/>on rekister\u00f6ity aputoiminimeksi DataZone Finlandin alaisuuteen.<\/p>\n\n\n\n<p><strong>Frank Laur\u00e9n<\/strong><\/p>\n\n\n\n<p><strong>s-posti:<\/strong> <br\/>info [at] pexor.media<\/p>\n\n\n\n<p><strong>puhelin: <\/strong><br\/>+358 40 7222 620<\/p>\n<\/div>\n<\/div><\/div>\n","protected":false},"excerpt":{"rendered":"<p>Ota yhteytt\u00e4 Pexor Mediaan Oletko valmis kohottamaan br\u00e4ndi\u00e4si ammattimaisella valokuvauksella, videolla, graafisella suunnittelulla tai web-ratkaisuilla? Ota yhteytt\u00e4 Paraisilla toimivaan Pexor [&hellip;]<\/p>\n","protected":false},"author":1,"featured_media":0,"parent":0,"menu_order":5,"comment_status":"closed","ping_status":"closed","template":"","meta":{"_uag_custom_page_level_css":"","site-sidebar-layout":"default","site-content-layout":"","ast-site-content-layout":"default","site-content-style":"default","site-sidebar-style":"default","ast-global-header-display":"","ast-banner-title-visibility":"","ast-main-header-display":"","ast-hfb-above-header-display":"","ast-hfb-below-header-display":"","ast-hfb-mobile-header-display":"","site-post-title":"disabled","ast-breadcrumbs-content":"","ast-featured-img":"","footer-sml-layout":"","ast-disable-related-posts":"","theme-transparent-header-meta":"","adv-header-id-meta":"","stick-header-meta":"","header-above-stick-meta":"","header-main-stick-meta":"","header-below-stick-meta":"","astra-migrate-meta-layouts":"default","ast-page-background-enabled":"default","ast-page-background-meta":{"desktop":{"background-color":"var(--ast-global-color-5)","background-image":"","background-repeat":"repeat","background-position":"center center","background-size":"auto","background-attachment":"scroll","background-type":"","background-media":"","overlay-type":"","overlay-color":"","overlay-opacity":"","overlay-gradient":""},"tablet":{"background-color":"","background-image":"","background-repeat":"repeat","background-position":"center center","background-size":"auto","background-attachment":"scroll","background-type":"","background-media":"","overlay-type":"","overlay-color":"","overlay-opacity":"","overlay-gradient":""},"mobile":{"background-color":"","background-image":"","background-repeat":"repeat","background-position":"center center","background-size":"auto","background-attachment":"scroll","background-type":"","background-media":"","overlay-type":"","overlay-color":"","overlay-opacity":"","overlay-gradient":""}},"ast-content-background-meta":{"desktop":{"background-color":"var(--ast-global-color-4)","background-image":"","background-repeat":"repeat","background-position":"center center","background-size":"auto","background-attachment":"scroll","background-type":"","background-media":"","overlay-type":"","overlay-color":"","overlay-opacity":"","overlay-gradient":""},"tablet":{"background-color":"var(--ast-global-color-4)","background-image":"","background-repeat":"repeat","background-position":"center center","background-size":"auto","background-attachment":"scroll","background-type":"","background-media":"","overlay-type":"","overlay-color":"","overlay-opacity":"","overlay-gradient":""},"mobile":{"background-color":"var(--ast-global-color-4)","background-image":"","background-repeat":"repeat","background-position":"center center","background-size":"auto","background-attachment":"scroll","background-type":"","background-media":"","overlay-type":"","overlay-color":"","overlay-opacity":"","overlay-gradient":""}},"footnotes":""},"class_list":["post-2587","page","type-page","status-publish","hentry"],"spectra_custom_meta":{"ast-main-header-display":[""],"ast-hfb-above-header-display":[""],"ast-hfb-below-header-display":[""],"ast-hfb-mobile-header-display":[""],"adv-header-id-meta":[""],"footer-sml-layout":[""],"stick-header-meta":[""],"header-main-stick-meta":[""],"header-above-stick-meta":[""],"header-below-stick-meta":[""],"site-post-title":["disabled"],"site-sidebar-layout":["default"],"site-content-layout":[""],"ast-featured-img":[""],"ast-breadcrumbs-content":[""],"theme-transparent-header-meta":[""],"ast-banner-title-visibility":[""],"ast-global-header-display":[""],"ast-site-content-layout":["default"],"site-content-style":["default"],"site-sidebar-style":["default"],"_top_nav_excluded":[""],"_cms_nav_minihome":[""],"rank_math_robots":["a:1:{i:0;s:5:\"index\";}"],"_last_translation_edit_mode":["translation-editor"],"_wpml_word_count":["120"],"rank_math_og_content_image":["a:2:{s:5:\"check\";s:32:\"f178bac012b47d0709ba8283b0e2f00f\";s:6:\"images\";a:1:{i:0;s:65:\"https:\/\/pexor.media\/wp-content\/uploads\/digital-media-683x1024.jpg\";}}"],"_wp_page_template":[""],"_edit_lock":["1769712664:1"],"astra_style_timestamp_css":["1776394402"],"rank_math_seo_score":["65"],"rank_math_title":["Ammattimainen verkkosivujen suunnittelu ja kehitys | Pexor Media"],"_edit_last":["1"],"rank_math_internal_links_processed":["1"],"rank_math_description":["Yhteystiedot Pexor Medialle Paraisissa Suomessa \u2013 Ammattimaista valokuvausta, videotuotantoa, graafista suunnittelua ja verkkoratkaisuja. Varaa sessiosi t\u00e4n\u00e4\u00e4n! "],"rank_math_focus_keyword":["Yhteystiedot, Pexor Media, Frank Laur\u00e9n, Parainen"],"_uag_css_file_name":["uag-css-2587.css"],"rank_math_analytic_object_id":["5"],"_uag_page_assets":["a:9:{s:3:\"css\";s:12560:\".wp-block-uagb-container{display:flex;position:relative;box-sizing:border-box;transition-property:box-shadow;transition-duration:0.2s;transition-timing-function:ease}.wp-block-uagb-container .spectra-container-link-overlay{bottom:0;left:0;position:absolute;right:0;top:0;z-index:10}.wp-block-uagb-container.uagb-is-root-container{margin-left:auto;margin-right:auto}.wp-block-uagb-container.alignfull.uagb-is-root-container .uagb-container-inner-blocks-wrap{display:flex;position:relative;box-sizing:border-box;margin-left:auto !important;margin-right:auto !important}.wp-block-uagb-container .wp-block-uagb-blockquote,.wp-block-uagb-container .wp-block-spectra-pro-login,.wp-block-uagb-container .wp-block-spectra-pro-register{margin:unset}.wp-block-uagb-container .uagb-container__video-wrap{height:100%;width:100%;top:0;left:0;position:absolute;overflow:hidden;-webkit-transition:opacity 1s;-o-transition:opacity 1s;transition:opacity 1s}.wp-block-uagb-container .uagb-container__video-wrap video{max-width:100%;width:100%;height:100%;margin:0;line-height:1;border:none;display:inline-block;vertical-align:baseline;-o-object-fit:cover;object-fit:cover;background-size:cover}.wp-block-uagb-container.uagb-layout-grid{display:grid;width:100%}.wp-block-uagb-container.uagb-layout-grid>.uagb-container-inner-blocks-wrap{display:inherit;width:inherit}.wp-block-uagb-container.uagb-layout-grid>.uagb-container-inner-blocks-wrap>.wp-block-uagb-container{max-width:unset !important;width:unset !important}.wp-block-uagb-container.uagb-layout-grid>.wp-block-uagb-container{max-width:unset !important;width:unset !important}.wp-block-uagb-container.uagb-layout-grid.uagb-is-root-container{margin-left:auto;margin-right:auto}.wp-block-uagb-container.uagb-layout-grid.uagb-is-root-container>.wp-block-uagb-container{max-width:unset !important;width:unset !important}.wp-block-uagb-container.uagb-layout-grid.alignwide.uagb-is-root-container{margin-left:auto;margin-right:auto}.wp-block-uagb-container.uagb-layout-grid.alignfull.uagb-is-root-container .uagb-container-inner-blocks-wrap{display:inherit;position:relative;box-sizing:border-box;margin-left:auto !important;margin-right:auto !important}body .wp-block-uagb-container>.uagb-container-inner-blocks-wrap>*:not(.wp-block-uagb-container):not(.wp-block-uagb-column):not(.wp-block-uagb-container):not(.wp-block-uagb-section):not(.uagb-container__shape):not(.uagb-container__video-wrap):not(.wp-block-spectra-pro-register):not(.wp-block-spectra-pro-login):not(.uagb-slider-container):not(.spectra-image-gallery__control-lightbox):not(.wp-block-uagb-info-box),body .wp-block-uagb-container>.uagb-container-inner-blocks-wrap,body .wp-block-uagb-container>*:not(.wp-block-uagb-container):not(.wp-block-uagb-column):not(.wp-block-uagb-container):not(.wp-block-uagb-section):not(.uagb-container__shape):not(.uagb-container__video-wrap):not(.wp-block-spectra-pro-register):not(.wp-block-spectra-pro-login):not(.uagb-slider-container):not(.spectra-container-link-overlay):not(.spectra-image-gallery__control-lightbox):not(.wp-block-uagb-lottie):not(.uagb-faq__outer-wrap){min-width:unset !important;width:100%;position:relative}body .ast-container .wp-block-uagb-container>.uagb-container-inner-blocks-wrap>.wp-block-uagb-container>ul,body .ast-container .wp-block-uagb-container>.uagb-container-inner-blocks-wrap>.wp-block-uagb-container ol,body .ast-container .wp-block-uagb-container>.uagb-container-inner-blocks-wrap>ul,body .ast-container .wp-block-uagb-container>.uagb-container-inner-blocks-wrap ol{max-width:-webkit-fill-available;margin-block-start:0;margin-block-end:0;margin-left:20px}.ast-plain-container .editor-styles-wrapper .block-editor-block-list__layout.is-root-container .uagb-is-root-container.wp-block-uagb-container.alignwide{margin-left:auto;margin-right:auto}.uagb-container__shape{overflow:hidden;position:absolute;left:0;width:100%;line-height:0;direction:ltr}.uagb-container__shape-top{top:-3px}.uagb-container__shape-bottom{bottom:-3px}.uagb-container__shape.uagb-container__invert.uagb-container__shape-bottom,.uagb-container__shape.uagb-container__invert.uagb-container__shape-top{-webkit-transform:rotate(180deg);-ms-transform:rotate(180deg);transform:rotate(180deg)}.uagb-container__shape.uagb-container__shape-flip svg{transform:translateX(-50%) rotateY(180deg)}.uagb-container__shape svg{display:block;width:-webkit-calc(100% + 1.3px);width:calc(100% + 1.3px);position:relative;left:50%;-webkit-transform:translateX(-50%);-ms-transform:translateX(-50%);transform:translateX(-50%)}.uagb-container__shape .uagb-container__shape-fill{-webkit-transform-origin:center;-ms-transform-origin:center;transform-origin:center;-webkit-transform:rotateY(0deg);transform:rotateY(0deg)}.uagb-container__shape.uagb-container__shape-above-content{z-index:9;pointer-events:none}.nv-single-page-wrap .nv-content-wrap.entry-content .wp-block-uagb-container.alignfull{margin-left:calc(50% - 50vw);margin-right:calc(50% - 50vw)}@media only screen and (max-width: 767px){.wp-block-uagb-container .wp-block-uagb-advanced-heading{width:-webkit-fill-available}}.wp-block-uagb-image--align-none{justify-content:center}\n.wp-block-uagb-container.uagb-block-3f70b1d6 .uagb-container__shape-top svg{width: calc( 100% + 1.3px );}.wp-block-uagb-container.uagb-block-3f70b1d6 .uagb-container__shape.uagb-container__shape-top .uagb-container__shape-fill{fill: rgba(51,51,51,1);}.wp-block-uagb-container.uagb-block-3f70b1d6 .uagb-container__shape-bottom svg{width: calc( 100% + 1.3px );}.wp-block-uagb-container.uagb-block-3f70b1d6 .uagb-container__shape.uagb-container__shape-bottom .uagb-container__shape-fill{fill: rgba(51,51,51,1);}.wp-block-uagb-container.uagb-block-3f70b1d6 .uagb-container__video-wrap video{opacity: 1;}.wp-block-uagb-container.uagb-is-root-container .uagb-block-3f70b1d6{max-width: 100%;width: 100%;}.wp-block-uagb-container.uagb-is-root-container.alignfull.uagb-block-3f70b1d6 > .uagb-container-inner-blocks-wrap{--inner-content-custom-width: min( 100%, 1200px);max-width: var(--inner-content-custom-width);width: 100%;flex-direction: row;align-items: center;justify-content: center;flex-wrap: nowrap;}.wp-block-uagb-container.uagb-block-3f70b1d6{box-shadow: 0px 0px   #00000070 ;padding-top: 40px;padding-bottom: 40px;padding-left: 40px;padding-right: 40px;margin-top:  !important;margin-bottom:  !important;overflow: visible;order: initial;border-color: inherit;}.wp-block-uagb-container.uagb-block-57b81143 .uagb-container__shape-top svg{width: calc( 100% + 1.3px );}.wp-block-uagb-container.uagb-block-57b81143 .uagb-container__shape.uagb-container__shape-top .uagb-container__shape-fill{fill: rgba(51,51,51,1);}.wp-block-uagb-container.uagb-block-57b81143 .uagb-container__shape-bottom svg{width: calc( 100% + 1.3px );}.wp-block-uagb-container.uagb-block-57b81143 .uagb-container__shape.uagb-container__shape-bottom .uagb-container__shape-fill{fill: rgba(51,51,51,1);}.wp-block-uagb-container.uagb-block-57b81143 .uagb-container__video-wrap video{opacity: 1;}.wp-block-uagb-container.uagb-is-root-container .uagb-block-57b81143{max-width: 75%;width: 100%;}.wp-block-uagb-container.uagb-is-root-container.alignfull.uagb-block-57b81143 > .uagb-container-inner-blocks-wrap{--inner-content-custom-width: min( 100%, 1200px);max-width: var(--inner-content-custom-width);width: 100%;flex-direction: column;align-items: center;justify-content: center;flex-wrap: nowrap;}.wp-block-uagb-container.uagb-block-57b81143{box-shadow: 0px 0px   #00000070 ;padding-top: 40px;padding-bottom: 40px;padding-left: 40px;padding-right: 40px;margin-top:  !important;margin-bottom:  !important;overflow: visible;order: initial;border-color: inherit;flex-direction: column;align-items: center;justify-content: center;flex-wrap: nowrap;}.wp-block-uagb-container.uagb-block-f44050ce .uagb-container__shape-top svg{width: calc( 100% + 1.3px );}.wp-block-uagb-container.uagb-block-f44050ce .uagb-container__shape.uagb-container__shape-top .uagb-container__shape-fill{fill: rgba(51,51,51,1);}.wp-block-uagb-container.uagb-block-f44050ce .uagb-container__shape-bottom svg{width: calc( 100% + 1.3px );}.wp-block-uagb-container.uagb-block-f44050ce .uagb-container__shape.uagb-container__shape-bottom .uagb-container__shape-fill{fill: rgba(51,51,51,1);}.wp-block-uagb-container.uagb-block-f44050ce .uagb-container__video-wrap video{opacity: 1;}.wp-block-uagb-container.uagb-is-root-container .uagb-block-f44050ce{max-width: 25%;width: 100%;}.wp-block-uagb-container.uagb-is-root-container.alignfull.uagb-block-f44050ce > .uagb-container-inner-blocks-wrap{--inner-content-custom-width: min( 100%, 1200px);max-width: var(--inner-content-custom-width);width: 100%;flex-direction: column;align-items: center;justify-content: center;flex-wrap: nowrap;}.wp-block-uagb-container.uagb-block-f44050ce{box-shadow: 0px 0px   #00000070 ;padding-top: 40px;padding-bottom: 40px;padding-left: 40px;padding-right: 40px;margin-top:  !important;margin-bottom:  !important;overflow: visible;order: initial;border-color: inherit;flex-direction: column;align-items: center;justify-content: center;flex-wrap: nowrap;}@media only screen and (max-width: 976px) {.wp-block-uagb-container.uagb-is-root-container .uagb-block-3f70b1d6{width: 100%;}.wp-block-uagb-container.uagb-is-root-container.alignfull.uagb-block-3f70b1d6 > .uagb-container-inner-blocks-wrap{--inner-content-custom-width: min( 100%, 1024px);max-width: var(--inner-content-custom-width);width: 100%;}.wp-block-uagb-container.uagb-block-3f70b1d6{padding-top: 40px;padding-bottom: 40px;padding-left: 40px;padding-right: 40px;margin-top:  !important;margin-bottom:  !important;order: initial;}.wp-block-uagb-container.uagb-is-root-container .uagb-block-57b81143{width: 100%;}.wp-block-uagb-container.uagb-is-root-container.alignfull.uagb-block-57b81143 > .uagb-container-inner-blocks-wrap{--inner-content-custom-width: min( 100%, 1024px);max-width: var(--inner-content-custom-width);width: 100%;}.wp-block-uagb-container.uagb-block-57b81143{padding-top: 40px;padding-bottom: 40px;padding-left: 40px;padding-right: 40px;margin-top:  !important;margin-bottom:  !important;order: initial;}.wp-block-uagb-container.uagb-is-root-container .uagb-block-f44050ce{width: 100%;}.wp-block-uagb-container.uagb-is-root-container.alignfull.uagb-block-f44050ce > .uagb-container-inner-blocks-wrap{--inner-content-custom-width: min( 100%, 1024px);max-width: var(--inner-content-custom-width);width: 100%;}.wp-block-uagb-container.uagb-block-f44050ce{padding-top: 40px;padding-bottom: 40px;padding-left: 40px;padding-right: 40px;margin-top:  !important;margin-bottom:  !important;order: initial;}}@media only screen and (max-width: 767px) {.wp-block-uagb-container.uagb-is-root-container .uagb-block-3f70b1d6{max-width: 100%;width: 100%;}.wp-block-uagb-container.uagb-is-root-container.alignfull.uagb-block-3f70b1d6 > .uagb-container-inner-blocks-wrap{--inner-content-custom-width: min( 100%, 767px);max-width: var(--inner-content-custom-width);width: 100%;flex-wrap: wrap;}.wp-block-uagb-container.uagb-block-3f70b1d6{padding-top: 40px;padding-bottom: 40px;padding-left: 40px;padding-right: 40px;margin-top:  !important;margin-bottom:  !important;order: initial;}.wp-block-uagb-container.uagb-is-root-container .uagb-block-57b81143{max-width: 100%;width: 100%;}.wp-block-uagb-container.uagb-is-root-container.alignfull.uagb-block-57b81143 > .uagb-container-inner-blocks-wrap{--inner-content-custom-width: min( 100%, 767px);max-width: var(--inner-content-custom-width);width: 100%;flex-wrap: wrap;}.wp-block-uagb-container.uagb-block-57b81143{padding-top: 40px;padding-bottom: 40px;padding-left: 40px;padding-right: 40px;margin-top:  !important;margin-bottom:  !important;order: initial;flex-wrap: wrap;}.wp-block-uagb-container.uagb-is-root-container .uagb-block-f44050ce{max-width: 100%;width: 100%;}.wp-block-uagb-container.uagb-is-root-container.alignfull.uagb-block-f44050ce > .uagb-container-inner-blocks-wrap{--inner-content-custom-width: min( 100%, 767px);max-width: var(--inner-content-custom-width);width: 100%;flex-wrap: wrap;}.wp-block-uagb-container.uagb-block-f44050ce{padding-top: 40px;padding-bottom: 40px;padding-left: 40px;padding-right: 40px;margin-top:  !important;margin-bottom:  !important;order: initial;flex-wrap: wrap;}}.uag-blocks-common-selector{z-index:var(--z-index-desktop) !important}@media (max-width: 976px){.uag-blocks-common-selector{z-index:var(--z-index-tablet) !important}}@media (max-width: 767px){.uag-blocks-common-selector{z-index:var(--z-index-mobile) !important}}\n\";s:2:\"js\";s:0:\"\";s:18:\"current_block_list\";a:7:{i:0;s:10:\"core\/cover\";i:1;s:12:\"core\/heading\";i:2;s:14:\"uagb\/container\";i:3;s:14:\"core\/paragraph\";i:4;s:17:\"core\/social-links\";i:5;s:16:\"core\/social-link\";i:6;s:10:\"core\/group\";}s:8:\"uag_flag\";b:1;s:11:\"uag_version\";s:10:\"1775807890\";s:6:\"gfonts\";a:0:{}s:10:\"gfonts_url\";s:0:\"\";s:12:\"gfonts_files\";a:0:{}s:14:\"uag_faq_layout\";b:0;}"]},"uagb_featured_image_src":{"full":false,"thumbnail":false,"medium":false,"medium_large":false,"large":false,"1536x1536":false,"2048x2048":false,"awb_sm":false,"awb_md":false,"awb_lg":false,"awb_xl":false},"uagb_author_info":{"display_name":"Frank","author_link":"https:\/\/pexor.media\/fi\/author\/wp-user-e29r\/"},"uagb_comment_info":0,"uagb_excerpt":"Ota yhteytt\u00e4 Pexor Mediaan Oletko valmis kohottamaan br\u00e4ndi\u00e4si ammattimaisella valokuvauksella, videolla, graafisella suunnittelulla tai web-ratkaisuilla? Ota yhteytt\u00e4 Paraisilla toimivaan Pexor [&hellip;]","_links":{"self":[{"href":"https:\/\/pexor.media\/fi\/wp-json\/wp\/v2\/pages\/2587","targetHints":{"allow":["GET"]}}],"collection":[{"href":"https:\/\/pexor.media\/fi\/wp-json\/wp\/v2\/pages"}],"about":[{"href":"https:\/\/pexor.media\/fi\/wp-json\/wp\/v2\/types\/page"}],"author":[{"embeddable":true,"href":"https:\/\/pexor.media\/fi\/wp-json\/wp\/v2\/users\/1"}],"replies":[{"embeddable":true,"href":"https:\/\/pexor.media\/fi\/wp-json\/wp\/v2\/comments?post=2587"}],"version-history":[{"count":5,"href":"https:\/\/pexor.media\/fi\/wp-json\/wp\/v2\/pages\/2587\/revisions"}],"predecessor-version":[{"id":3053,"href":"https:\/\/pexor.media\/fi\/wp-json\/wp\/v2\/pages\/2587\/revisions\/3053"}],"wp:attachment":[{"href":"https:\/\/pexor.media\/fi\/wp-json\/wp\/v2\/media?parent=2587"}],"curies":[{"name":"wp","href":"https:\/\/api.w.org\/{rel}","templated":true}]}}